{"id":57,"date":"2018-01-07T16:40:17","date_gmt":"2018-01-07T16:40:17","guid":{"rendered":"http:\/\/carmenbenedito.com\/?page_id=57"},"modified":"2018-06-19T14:48:49","modified_gmt":"2018-06-19T14:48:49","slug":"bio","status":"publish","type":"page","link":"http:\/\/carmenbenedito.com\/?page_id=57","title":{"rendered":"Biograf\u00eda"},"content":{"rendered":"<p>Licenciada en Bellas Artes, Facultad de Bellas Artes de San Carlos, Universidad<br \/>\nPolit\u00e9cnica de Valencia.<\/p>\n<p>Nacida en Valencia (Espa\u00f1a) en 1971, hija, nieta, bisnieta, etc. de madres artistas de la carne y cuidados, de padre retablista y abuelo pintor informalista.<\/p>\n<p style=\"text-align: left;\">Emigr\u00e9 con mi familia a Ecuador a finales de los a\u00f1os setenta y regresamos a Espa\u00f1a a finales de los a\u00f1os ochenta.<\/p>\n<p style=\"text-align: left;\">Desde muy joven he trabajado en talleres artesanales, me form\u00e9 como doradora al agua en el taller de Francisco Berdonces y estudi\u00e9 tres a\u00f1os de restauraci\u00f3n de pintura en Gaia, centro de estudios de arte y restauraci\u00f3n.<\/p>\n<p style=\"text-align: left;\">Trabaj\u00e9 cerca de quince a\u00f1os como oficial de primera en el taller de mi padre donde adquir\u00ed una gran experiencia en t\u00e9cnicas y materiales pl\u00e1sticos, as\u00ed como en restauraci\u00f3n de pintura y escultura.\u00a0 Junto a mi padre tambi\u00e9n dirig\u00ed determinados procesos realizados en la ejecuci\u00f3n de retablos.<\/p>\n<p>La confluencia entre mis estudios, el trabajo en el taller y mi maternidad, produjeron en m\u00ed una serie de inquietudes sobre las que investigo en la actualidad.<\/p>\n<p>&nbsp;<\/p>\n<p>&nbsp;<\/p>\n<p>&nbsp;<\/p>\n<p>&nbsp;<\/p>\n<p>&nbsp;<\/p>\n<p>&nbsp;<\/p>\n<p>&nbsp;<\/p>\n","protected":false},"excerpt":{"rendered":"<p>Licenciada en Bellas Artes, Facultad de Bellas Artes de San Carlos, Universidad Polit\u00e9cnica de Valencia. Nacida&hellip;<\/p>\n","protected":false},"author":1,"featured_media":0,"parent":0,"menu_order":0,"comment_status":"closed","ping_status":"closed","template":"","meta":{"footnotes":""},"class_list":["post-57","page","type-page","status-publish","hentry"],"_links":{"self":[{"href":"http:\/\/carmenbenedito.com\/index.php?rest_route=\/wp\/v2\/pages\/57","targetHints":{"allow":["GET"]}}],"collection":[{"href":"http:\/\/carmenbenedito.com\/index.php?rest_route=\/wp\/v2\/pages"}],"about":[{"href":"http:\/\/carmenbenedito.com\/index.php?rest_route=\/wp\/v2\/types\/page"}],"author":[{"embeddable":true,"href":"http:\/\/carmenbenedito.com\/index.php?rest_route=\/wp\/v2\/users\/1"}],"replies":[{"embeddable":true,"href":"http:\/\/carmenbenedito.com\/index.php?rest_route=%2Fwp%2Fv2%2Fcomments&post=57"}],"version-history":[{"count":22,"href":"http:\/\/carmenbenedito.com\/index.php?rest_route=\/wp\/v2\/pages\/57\/revisions"}],"predecessor-version":[{"id":278,"href":"http:\/\/carmenbenedito.com\/index.php?rest_route=\/wp\/v2\/pages\/57\/revisions\/278"}],"wp:attachment":[{"href":"http:\/\/carmenbenedito.com\/index.php?rest_route=%2Fwp%2Fv2%2Fmedia&parent=57"}],"curies":[{"name":"wp","href":"https:\/\/api.w.org\/{rel}","templated":true}]}}