{"id":168,"date":"2018-01-30T15:47:46","date_gmt":"2018-01-30T15:47:46","guid":{"rendered":"http:\/\/carmenbenedito.com\/?page_id=168"},"modified":"2018-02-06T16:28:14","modified_gmt":"2018-02-06T16:28:14","slug":"dorados","status":"publish","type":"page","link":"https:\/\/carmenbenedito.com\/?page_id=168","title":{"rendered":"Dorados y policrom\u00edas"},"content":{"rendered":"<h3>ALGUNOS DE MIS DORADOS Y POLICROM\u00cdAS<\/h3>\n<div><\/div>\n<div>2006 Policrom\u00eda de dos esculturas del retablo de la Parroquia de San Juan Bautista, Cabanes, Castell\u00f3n, Espa\u00f1a<\/div>\n<div>2004 Direcci\u00f3n de policrom\u00eda del retablo del altar mayor de la Parroquia Santa Catalina, La Solana, Ciudad Real, Espa\u00f1a<\/div>\n<div>2003 Policrom\u00eda de la imagen titular del Retablo de la Parroquia de Nuestra Se\u00f1ora de la Asunci\u00f3n, Manzanares, Ciudad Real, Espa\u00f1a<\/div>\n<div>Policrom\u00eda del retablo de la Parroquia de San pedro Ap\u00f3stol, Barracas, Castell\u00f3n, Espa\u00f1a<\/div>\n<div>2002 Policrom\u00eda del retablo de la Parroquia de Santa Isabel de Arag\u00f3n, Villarreal, Castell\u00f3n, Espa\u00f1a<\/div>\n<div>2001 Policrom\u00eda del retablo de la Parroquia de La Santa Cruz, Alacu\u00e1s, Valencia, Espa\u00f1a<\/div>\n<div>Policrom\u00eda del retablo de la ermita de Zucaina, Castell\u00f3n, Espa\u00f1a<\/div>\n<div><\/div>\n<div>\n<div id='gallery-1' class='gallery galleryid-168 gallery-columns-3 gallery-size-thumbnail'><dl class='gallery-item'>\n\t\t\t<dt class='gallery-icon portrait'>\n\t\t\t\t<a href='https:\/\/carmenbenedito.com\/?attachment_id=228'><img loading=\"lazy\" decoding=\"async\" width=\"150\" height=\"150\" src=\"https:\/\/carmenbenedito.com\/wp-content\/uploads\/2018\/02\/2013-PERCHERO-EGIPCIO-POLICROM\u00cdA-CON-PAN-DE-ORO-AL-AGUA-SOBRE-MADERA-150x150.jpg\" class=\"attachment-thumbnail size-thumbnail\" alt=\"\" \/><\/a>\n\t\t\t<\/dt><\/dl><dl class='gallery-item'>\n\t\t\t<dt class='gallery-icon landscape'>\n\t\t\t\t<a href='https:\/\/carmenbenedito.com\/?attachment_id=225'><img loading=\"lazy\" decoding=\"async\" width=\"150\" height=\"150\" src=\"https:\/\/carmenbenedito.com\/wp-content\/uploads\/2018\/02\/2009-DETALLE-R\u00c9PLICA-DE-KLIMT-OBRA-POLICROMADA-CON-PAN-DE-ORO-FINO-150x150.jpg\" class=\"attachment-thumbnail size-thumbnail\" alt=\"\" \/><\/a>\n\t\t\t<\/dt><\/dl><dl class='gallery-item'>\n\t\t\t<dt class='gallery-icon landscape'>\n\t\t\t\t<a href='https:\/\/carmenbenedito.com\/?attachment_id=223'><img loading=\"lazy\" decoding=\"async\" width=\"150\" height=\"150\" src=\"https:\/\/carmenbenedito.com\/wp-content\/uploads\/2018\/02\/2002-DETALLE-DE-POLICROM\u00cdA-CON-ANILINAS-PULIMENTO-DORADO-CON-PAN-DE-BRONCE-Y-PATINADO-RETABLO-VILLARREAL-150x150.jpg\" class=\"attachment-thumbnail size-thumbnail\" alt=\"\" \/><\/a>\n\t\t\t<\/dt><\/dl><br style=\"clear: both\" \/><dl class='gallery-item'>\n\t\t\t<dt class='gallery-icon landscape'>\n\t\t\t\t<a href='https:\/\/carmenbenedito.com\/?attachment_id=226'><img loading=\"lazy\" decoding=\"async\" width=\"150\" height=\"150\" src=\"https:\/\/carmenbenedito.com\/wp-content\/uploads\/2018\/02\/2009-PROCESO-DE-ESTUCADO-PARA-DORADO-Y-POLICROM\u00cdA-DE-UN-FRAGMENTO-R\u00c9PLICA-DE-KLIMT-150x150.jpg\" class=\"attachment-thumbnail size-thumbnail\" alt=\"\" \/><\/a>\n\t\t\t<\/dt><\/dl><dl class='gallery-item'>\n\t\t\t<dt class='gallery-icon portrait'>\n\t\t\t\t<a href='https:\/\/carmenbenedito.com\/?attachment_id=227'><img loading=\"lazy\" decoding=\"async\" width=\"150\" height=\"150\" src=\"https:\/\/carmenbenedito.com\/wp-content\/uploads\/2018\/02\/2013-DETALLE-DE-POLICROM\u00cdA-CON-ORO-FINO-150x150.jpg\" class=\"attachment-thumbnail size-thumbnail\" alt=\"\" \/><\/a>\n\t\t\t<\/dt><\/dl><dl class='gallery-item'>\n\t\t\t<dt class='gallery-icon landscape'>\n\t\t\t\t<a href='https:\/\/carmenbenedito.com\/?attachment_id=224'><img loading=\"lazy\" decoding=\"async\" width=\"150\" height=\"150\" src=\"https:\/\/carmenbenedito.com\/wp-content\/uploads\/2018\/02\/2002-PROCESO-EN-TALLER-DE-DORADO-Y-POLICROM\u00cdA-DE-IMAGEN-EN-TALLA-DE-MADERA-150x150.jpg\" class=\"attachment-thumbnail size-thumbnail\" alt=\"\" \/><\/a>\n\t\t\t<\/dt><\/dl><br style=\"clear: both\" \/>\n\t\t<\/div>\n\n<\/div>\n<p>&nbsp;<\/p>\n","protected":false},"excerpt":{"rendered":"<p>ALGUNOS DE MIS DORADOS Y POLICROM\u00cdAS 2006 Policrom\u00eda de dos esculturas del retablo de la Parroquia&hellip;<\/p>\n","protected":false},"author":1,"featured_media":0,"parent":0,"menu_order":0,"comment_status":"closed","ping_status":"closed","template":"","meta":{"footnotes":""},"class_list":["post-168","page","type-page","status-publish","hentry"],"_links":{"self":[{"href":"https:\/\/carmenbenedito.com\/index.php?rest_route=\/wp\/v2\/pages\/168","targetHints":{"allow":["GET"]}}],"collection":[{"href":"https:\/\/carmenbenedito.com\/index.php?rest_route=\/wp\/v2\/pages"}],"about":[{"href":"https:\/\/carmenbenedito.com\/index.php?rest_route=\/wp\/v2\/types\/page"}],"author":[{"embeddable":true,"href":"https:\/\/carmenbenedito.com\/index.php?rest_route=\/wp\/v2\/users\/1"}],"replies":[{"embeddable":true,"href":"https:\/\/carmenbenedito.com\/index.php?rest_route=%2Fwp%2Fv2%2Fcomments&post=168"}],"version-history":[{"count":4,"href":"https:\/\/carmenbenedito.com\/index.php?rest_route=\/wp\/v2\/pages\/168\/revisions"}],"predecessor-version":[{"id":234,"href":"https:\/\/carmenbenedito.com\/index.php?rest_route=\/wp\/v2\/pages\/168\/revisions\/234"}],"wp:attachment":[{"href":"https:\/\/carmenbenedito.com\/index.php?rest_route=%2Fwp%2Fv2%2Fmedia&parent=168"}],"curies":[{"name":"wp","href":"https:\/\/api.w.org\/{rel}","templated":true}]}}