{"id":68,"date":"2018-01-07T17:33:09","date_gmt":"2018-01-07T17:33:09","guid":{"rendered":"http:\/\/carmenbenedito.com\/?page_id=68"},"modified":"2018-02-04T07:24:53","modified_gmt":"2018-02-04T07:24:53","slug":"ventanas-adentro","status":"publish","type":"page","link":"https:\/\/carmenbenedito.com\/?page_id=68","title":{"rendered":"Ventanas Adentro"},"content":{"rendered":"<p>&nbsp;<\/p>\n<div id='gallery-1' class='gallery galleryid-68 gallery-columns-3 gallery-size-large'><dl class='gallery-item'>\n\t\t\t<dt class='gallery-icon portrait'>\n\t\t\t\t<a href='https:\/\/carmenbenedito.com\/?attachment_id=134'><img loading=\"lazy\" decoding=\"async\" width=\"661\" height=\"1024\" src=\"https:\/\/carmenbenedito.com\/wp-content\/uploads\/2018\/01\/Recu\u00e9rdate-661x1024.jpg\" class=\"attachment-large size-large\" alt=\"\" aria-describedby=\"gallery-1-134\" srcset=\"https:\/\/carmenbenedito.com\/wp-content\/uploads\/2018\/01\/Recu\u00e9rdate-661x1024.jpg 661w, https:\/\/carmenbenedito.com\/wp-content\/uploads\/2018\/01\/Recu\u00e9rdate-194x300.jpg 194w, https:\/\/carmenbenedito.com\/wp-content\/uploads\/2018\/01\/Recu\u00e9rdate-768x1189.jpg 768w, https:\/\/carmenbenedito.com\/wp-content\/uploads\/2018\/01\/Recu\u00e9rdate.jpg 1500w\" sizes=\"auto, (max-width: 661px) 100vw, 661px\" \/><\/a>\n\t\t\t<\/dt>\n\t\t\t\t<dd class='wp-caption-text gallery-caption' id='gallery-1-134'>\n\t\t\t\tRecu\u00e9rdate  2015 Imagen digital impresa transferida sobre madera 61 x 133 x 2 cm\n\t\t\t\t<\/dd><\/dl><dl class='gallery-item'>\n\t\t\t<dt class='gallery-icon portrait'>\n\t\t\t\t<a href='https:\/\/carmenbenedito.com\/?attachment_id=133'><img loading=\"lazy\" decoding=\"async\" width=\"548\" height=\"1024\" src=\"https:\/\/carmenbenedito.com\/wp-content\/uploads\/2018\/01\/Recu\u00e9rdate-IV-548x1024.jpg\" class=\"attachment-large size-large\" alt=\"\" aria-describedby=\"gallery-1-133\" srcset=\"https:\/\/carmenbenedito.com\/wp-content\/uploads\/2018\/01\/Recu\u00e9rdate-IV-548x1024.jpg 548w, https:\/\/carmenbenedito.com\/wp-content\/uploads\/2018\/01\/Recu\u00e9rdate-IV-161x300.jpg 161w, https:\/\/carmenbenedito.com\/wp-content\/uploads\/2018\/01\/Recu\u00e9rdate-IV-768x1435.jpg 768w, https:\/\/carmenbenedito.com\/wp-content\/uploads\/2018\/01\/Recu\u00e9rdate-IV.jpg 803w\" sizes=\"auto, (max-width: 548px) 100vw, 548px\" \/><\/a>\n\t\t\t<\/dt>\n\t\t\t\t<dd class='wp-caption-text gallery-caption' id='gallery-1-133'>\n\t\t\t\tRecu\u00e9rdate IV 2015 Imagen digital impresa y transferida sobre madera 59 x 100 x 3 cm\n\t\t\t\t<\/dd><\/dl><dl class='gallery-item'>\n\t\t\t<dt class='gallery-icon portrait'>\n\t\t\t\t<a href='https:\/\/carmenbenedito.com\/?attachment_id=132'><img loading=\"lazy\" decoding=\"async\" width=\"700\" height=\"848\" src=\"https:\/\/carmenbenedito.com\/wp-content\/uploads\/2018\/01\/Recu\u00e9rdate-II-845x1024.jpg\" class=\"attachment-large size-large\" alt=\"\" aria-describedby=\"gallery-1-132\" srcset=\"https:\/\/carmenbenedito.com\/wp-content\/uploads\/2018\/01\/Recu\u00e9rdate-II-845x1024.jpg 845w, https:\/\/carmenbenedito.com\/wp-content\/uploads\/2018\/01\/Recu\u00e9rdate-II-248x300.jpg 248w, https:\/\/carmenbenedito.com\/wp-content\/uploads\/2018\/01\/Recu\u00e9rdate-II-768x930.jpg 768w, https:\/\/carmenbenedito.com\/wp-content\/uploads\/2018\/01\/Recu\u00e9rdate-II.jpg 1500w\" sizes=\"auto, (max-width: 700px) 100vw, 700px\" \/><\/a>\n\t\t\t<\/dt>\n\t\t\t\t<dd class='wp-caption-text gallery-caption' id='gallery-1-132'>\n\t\t\t\tRecu\u00e9rdate II 2015 Ensamblaje, imagen digital impresa y transferida sobre madera, t\u00e9cnica mixta 63 x 90 x 6 cm\n\t\t\t\t<\/dd><\/dl><br style=\"clear: both\" \/>\n\t\t<\/div>\n\n<p>\u00abDesde el simbolismo, pasando por el dada\u00edsmo y el surrealismo, hasta el arte conceptual, los artistas experimentales declararon que la verdader funci\u00f3n del arte no era la representaci\u00f3n de la realidad, sino la representaci\u00f3n del mundo interior de las emociones, los estados de \u00e1nimo y la sensibilidad.\u00bb DEMSEY, A.<\/p>\n<p>Ventanas adentro es una serie resultado de un proceso de investigaci\u00f3n en el que, sobre un soporte de madera, trabajo fijando im\u00e1genes obtenidas por medios digitales para luego intervenirlas, de modo que funcionen como una ventana o puerta hacia la introspecci\u00f3n, intentando evocar hechos sucedidos en un tiempo lejano y que estructuran comportamientos.<\/p>\n","protected":false},"excerpt":{"rendered":"<p>&nbsp; \u00abDesde el simbolismo, pasando por el dada\u00edsmo y el surrealismo, hasta el arte conceptual, los&hellip;<\/p>\n","protected":false},"author":1,"featured_media":0,"parent":0,"menu_order":0,"comment_status":"closed","ping_status":"closed","template":"","meta":{"footnotes":""},"class_list":["post-68","page","type-page","status-publish","hentry"],"_links":{"self":[{"href":"https:\/\/carmenbenedito.com\/index.php?rest_route=\/wp\/v2\/pages\/68","targetHints":{"allow":["GET"]}}],"collection":[{"href":"https:\/\/carmenbenedito.com\/index.php?rest_route=\/wp\/v2\/pages"}],"about":[{"href":"https:\/\/carmenbenedito.com\/index.php?rest_route=\/wp\/v2\/types\/page"}],"author":[{"embeddable":true,"href":"https:\/\/carmenbenedito.com\/index.php?rest_route=\/wp\/v2\/users\/1"}],"replies":[{"embeddable":true,"href":"https:\/\/carmenbenedito.com\/index.php?rest_route=%2Fwp%2Fv2%2Fcomments&post=68"}],"version-history":[{"count":10,"href":"https:\/\/carmenbenedito.com\/index.php?rest_route=\/wp\/v2\/pages\/68\/revisions"}],"predecessor-version":[{"id":199,"href":"https:\/\/carmenbenedito.com\/index.php?rest_route=\/wp\/v2\/pages\/68\/revisions\/199"}],"wp:attachment":[{"href":"https:\/\/carmenbenedito.com\/index.php?rest_route=%2Fwp%2Fv2%2Fmedia&parent=68"}],"curies":[{"name":"wp","href":"https:\/\/api.w.org\/{rel}","templated":true}]}}